{"id":441,"date":"2025-04-03T12:34:18","date_gmt":"2025-04-03T17:34:18","guid":{"rendered":"https:\/\/aquassist.com\/headlines-french\/"},"modified":"2025-07-07T09:13:08","modified_gmt":"2025-07-07T14:13:08","slug":"actualite","status":"publish","type":"page","link":"https:\/\/aquassist.com\/fr\/actualite\/","title":{"rendered":"Actualit\u00e9s"},"content":{"rendered":"<div id=\"cs-content\" class=\"cs-content\"><div class=\"x-section e441-e1 mc9-0\"><div class=\"x-bg\" aria-hidden=\"true\"><div class=\"x-bg-layer-lower-color\"><\/div><\/div><div class=\"x-row x-container max width e441-e2 mc9-1 mc9-2 mc9-4 mc9-5\"><div class=\"x-row-inner\"><div class=\"x-col e441-e3 mc9-7\"><div class=\"x-text x-content e441-e4 mc9-8 mc9-9\"><p>Actualit&eacute;s<\/p><\/div><div class=\"juicer-feed\" data-feed-id=\"aquassist\"><\/div><\/div><\/div><\/div><div class=\"x-row x-container max width e441-e6 mc9-1 mc9-3 mc9-4 mc9-6\"><div class=\"x-row-inner\"><div class=\"x-col e441-e7 mc9-7\"><div class=\"x-text x-content e441-e8 mc9-8 mc9-a mc9-b\"><a href=\"mailto:info@aquassist.com\">info@aquassist.com<\/a><\/div><\/div><div class=\"x-col e441-e9 mc9-7\"><div class=\"x-text x-content e441-e10 mc9-8 mc9-a mc9-c\">\u00ae Aquassist 2025. All right reserved<\/div><\/div><div class=\"x-col e441-e11 mc9-7\"><span class=\"x-image e441-e12 mc9-d\"><img decoding=\"async\" src=\"https:\/\/aquassist.com\/wp-content\/uploads\/2025\/02\/Logo_Aquassist_600px.png\" width=\"300\" height=\"133\" alt=\"Image\" loading=\"lazy\"><\/span><\/div><\/div><\/div><\/div><\/div>\n","protected":false},"excerpt":{"rendered":"<p>Actualit&eacute;sinfo@aquassist.com\u00ae Aquassist 2025. All right reserved<\/p>\n","protected":false},"author":1,"featured_media":0,"parent":0,"menu_order":0,"comment_status":"closed","ping_status":"closed","template":"template-blank-4.php","meta":{"footnotes":""},"class_list":["post-441","page","type-page","status-publish","hentry","no-post-thumbnail"],"yoast_head":"<!-- This site is optimized with the Yoast SEO Premium plugin v27.3 (Yoast SEO v27.3) - https:\/\/yoast.com\/product\/yoast-seo-premium-wordpress\/ -->\n<title>Actualit\u00e9s Aquassist - Innovations en analyse de l\u2019eau<\/title>\n<meta name=\"description\" content=\"Suivez les derni\u00e8res actualit\u00e9s d\u2019Aquassist : innovations, solutions connect\u00e9es et tendances en analyse et gestion intelligente de l\u2019eau.\" \/>\n<meta name=\"robots\" content=\"index, follow, max-snippet:-1, max-image-preview:large, max-video-preview:-1\" \/>\n<link rel=\"canonical\" href=\"https:\/\/aquassist.com\/fr\/actualite\/\" \/>\n<meta property=\"og:locale\" content=\"fr_FR\" \/>\n<meta property=\"og:type\" content=\"article\" \/>\n<meta property=\"og:title\" content=\"Actualit\u00e9s\" \/>\n<meta property=\"og:description\" content=\"Suivez les derni\u00e8res actualit\u00e9s d\u2019Aquassist : innovations, solutions connect\u00e9es et tendances en analyse et gestion intelligente de l\u2019eau.\" \/>\n<meta property=\"og:url\" content=\"https:\/\/aquassist.com\/fr\/actualite\/\" \/>\n<meta property=\"og:site_name\" content=\"Aquassist | Assistant de traitement d&#039;eau | Automated Water System Management\" \/>\n<meta property=\"article:modified_time\" content=\"2025-07-07T14:13:08+00:00\" \/>\n<meta name=\"twitter:card\" content=\"summary_large_image\" \/>\n<meta name=\"twitter:label1\" content=\"Dur\u00e9e de lecture estim\u00e9e\" \/>\n\t<meta name=\"twitter:data1\" content=\"1 minute\" \/>\n<script type=\"application\/ld+json\" class=\"yoast-schema-graph\">{\"@context\":\"https:\\\/\\\/schema.org\",\"@graph\":[{\"@type\":\"WebPage\",\"@id\":\"https:\\\/\\\/aquassist.com\\\/fr\\\/actualite\\\/\",\"url\":\"https:\\\/\\\/aquassist.com\\\/fr\\\/actualite\\\/\",\"name\":\"Actualit\u00e9s Aquassist - Innovations en analyse de l\u2019eau\",\"isPartOf\":{\"@id\":\"https:\\\/\\\/aquassist.com\\\/#website\"},\"datePublished\":\"2025-04-03T17:34:18+00:00\",\"dateModified\":\"2025-07-07T14:13:08+00:00\",\"description\":\"Suivez les derni\u00e8res actualit\u00e9s d\u2019Aquassist : innovations, solutions connect\u00e9es et tendances en analyse et gestion intelligente de l\u2019eau.\",\"breadcrumb\":{\"@id\":\"https:\\\/\\\/aquassist.com\\\/fr\\\/actualite\\\/#breadcrumb\"},\"inLanguage\":\"fr-FR\",\"potentialAction\":[{\"@type\":\"ReadAction\",\"target\":[\"https:\\\/\\\/aquassist.com\\\/fr\\\/actualite\\\/\"]}]},{\"@type\":\"BreadcrumbList\",\"@id\":\"https:\\\/\\\/aquassist.com\\\/fr\\\/actualite\\\/#breadcrumb\",\"itemListElement\":[{\"@type\":\"ListItem\",\"position\":1,\"name\":\"Home\",\"item\":\"https:\\\/\\\/aquassist.com\\\/fr\\\/accueil\\\/\"},{\"@type\":\"ListItem\",\"position\":2,\"name\":\"Actualit\u00e9s\"}]},{\"@type\":\"WebSite\",\"@id\":\"https:\\\/\\\/aquassist.com\\\/#website\",\"url\":\"https:\\\/\\\/aquassist.com\\\/\",\"name\":\"Aquassist | Assistant de traitement d'eau\",\"description\":\"Aquassist simplifie les tests d&#039;eau gr\u00e2ce \u00e0 des solutions intelligentes et connect\u00e9es qui garantissent pr\u00e9cision et efficacit\u00e9. Transformez des donn\u00e9es complexes en r\u00e9sultats clairs et exploitables en toute simplicit\u00e9.  |\",\"publisher\":{\"@id\":\"https:\\\/\\\/aquassist.com\\\/#organization\"},\"potentialAction\":[{\"@type\":\"SearchAction\",\"target\":{\"@type\":\"EntryPoint\",\"urlTemplate\":\"https:\\\/\\\/aquassist.com\\\/?s={search_term_string}\"},\"query-input\":{\"@type\":\"PropertyValueSpecification\",\"valueRequired\":true,\"valueName\":\"search_term_string\"}}],\"inLanguage\":\"fr-FR\"},{\"@type\":\"Organization\",\"@id\":\"https:\\\/\\\/aquassist.com\\\/#organization\",\"name\":\"Aquassist | Assistant de traitement d'eau\",\"url\":\"https:\\\/\\\/aquassist.com\\\/\",\"logo\":{\"@type\":\"ImageObject\",\"inLanguage\":\"fr-FR\",\"@id\":\"https:\\\/\\\/aquassist.com\\\/#\\\/schema\\\/logo\\\/image\\\/\",\"url\":\"https:\\\/\\\/aquassist.com\\\/wp-content\\\/uploads\\\/2025\\\/03\\\/Aquassist_couleur_byMagnus_CMYK-01.png\",\"contentUrl\":\"https:\\\/\\\/aquassist.com\\\/wp-content\\\/uploads\\\/2025\\\/03\\\/Aquassist_couleur_byMagnus_CMYK-01.png\",\"width\":1800,\"height\":900,\"caption\":\"Aquassist | Assistant de traitement d'eau\"},\"image\":{\"@id\":\"https:\\\/\\\/aquassist.com\\\/#\\\/schema\\\/logo\\\/image\\\/\"},\"sameAs\":[\"https:\\\/\\\/www.linkedin.com\\\/company\\\/100930245\\\/\"]}]}<\/script>\n<!-- \/ Yoast SEO Premium plugin. -->","yoast_head_json":{"title":"Actualit\u00e9s Aquassist - Innovations en analyse de l\u2019eau","description":"Suivez les derni\u00e8res actualit\u00e9s d\u2019Aquassist : innovations, solutions connect\u00e9es et tendances en analyse et gestion intelligente de l\u2019eau.","robots":{"index":"index","follow":"follow","max-snippet":"max-snippet:-1","max-image-preview":"max-image-preview:large","max-video-preview":"max-video-preview:-1"},"canonical":"https:\/\/aquassist.com\/fr\/actualite\/","og_locale":"fr_FR","og_type":"article","og_title":"Actualit\u00e9s","og_description":"Suivez les derni\u00e8res actualit\u00e9s d\u2019Aquassist : innovations, solutions connect\u00e9es et tendances en analyse et gestion intelligente de l\u2019eau.","og_url":"https:\/\/aquassist.com\/fr\/actualite\/","og_site_name":"Aquassist | Assistant de traitement d&#039;eau | Automated Water System Management","article_modified_time":"2025-07-07T14:13:08+00:00","twitter_card":"summary_large_image","twitter_misc":{"Dur\u00e9e de lecture estim\u00e9e":"1 minute"},"schema":{"@context":"https:\/\/schema.org","@graph":[{"@type":"WebPage","@id":"https:\/\/aquassist.com\/fr\/actualite\/","url":"https:\/\/aquassist.com\/fr\/actualite\/","name":"Actualit\u00e9s Aquassist - Innovations en analyse de l\u2019eau","isPartOf":{"@id":"https:\/\/aquassist.com\/#website"},"datePublished":"2025-04-03T17:34:18+00:00","dateModified":"2025-07-07T14:13:08+00:00","description":"Suivez les derni\u00e8res actualit\u00e9s d\u2019Aquassist : innovations, solutions connect\u00e9es et tendances en analyse et gestion intelligente de l\u2019eau.","breadcrumb":{"@id":"https:\/\/aquassist.com\/fr\/actualite\/#breadcrumb"},"inLanguage":"fr-FR","potentialAction":[{"@type":"ReadAction","target":["https:\/\/aquassist.com\/fr\/actualite\/"]}]},{"@type":"BreadcrumbList","@id":"https:\/\/aquassist.com\/fr\/actualite\/#breadcrumb","itemListElement":[{"@type":"ListItem","position":1,"name":"Home","item":"https:\/\/aquassist.com\/fr\/accueil\/"},{"@type":"ListItem","position":2,"name":"Actualit\u00e9s"}]},{"@type":"WebSite","@id":"https:\/\/aquassist.com\/#website","url":"https:\/\/aquassist.com\/","name":"Aquassist | Assistant de traitement d'eau","description":"Aquassist simplifie les tests d&#039;eau gr\u00e2ce \u00e0 des solutions intelligentes et connect\u00e9es qui garantissent pr\u00e9cision et efficacit\u00e9. Transformez des donn\u00e9es complexes en r\u00e9sultats clairs et exploitables en toute simplicit\u00e9.  |","publisher":{"@id":"https:\/\/aquassist.com\/#organization"},"potentialAction":[{"@type":"SearchAction","target":{"@type":"EntryPoint","urlTemplate":"https:\/\/aquassist.com\/?s={search_term_string}"},"query-input":{"@type":"PropertyValueSpecification","valueRequired":true,"valueName":"search_term_string"}}],"inLanguage":"fr-FR"},{"@type":"Organization","@id":"https:\/\/aquassist.com\/#organization","name":"Aquassist | Assistant de traitement d'eau","url":"https:\/\/aquassist.com\/","logo":{"@type":"ImageObject","inLanguage":"fr-FR","@id":"https:\/\/aquassist.com\/#\/schema\/logo\/image\/","url":"https:\/\/aquassist.com\/wp-content\/uploads\/2025\/03\/Aquassist_couleur_byMagnus_CMYK-01.png","contentUrl":"https:\/\/aquassist.com\/wp-content\/uploads\/2025\/03\/Aquassist_couleur_byMagnus_CMYK-01.png","width":1800,"height":900,"caption":"Aquassist | Assistant de traitement d'eau"},"image":{"@id":"https:\/\/aquassist.com\/#\/schema\/logo\/image\/"},"sameAs":["https:\/\/www.linkedin.com\/company\/100930245\/"]}]}},"_links":{"self":[{"href":"https:\/\/aquassist.com\/fr\/wp-json\/wp\/v2\/pages\/441","targetHints":{"allow":["GET"]}}],"collection":[{"href":"https:\/\/aquassist.com\/fr\/wp-json\/wp\/v2\/pages"}],"about":[{"href":"https:\/\/aquassist.com\/fr\/wp-json\/wp\/v2\/types\/page"}],"author":[{"embeddable":true,"href":"https:\/\/aquassist.com\/fr\/wp-json\/wp\/v2\/users\/1"}],"replies":[{"embeddable":true,"href":"https:\/\/aquassist.com\/fr\/wp-json\/wp\/v2\/comments?post=441"}],"version-history":[{"count":4,"href":"https:\/\/aquassist.com\/fr\/wp-json\/wp\/v2\/pages\/441\/revisions"}],"predecessor-version":[{"id":445,"href":"https:\/\/aquassist.com\/fr\/wp-json\/wp\/v2\/pages\/441\/revisions\/445"}],"wp:attachment":[{"href":"https:\/\/aquassist.com\/fr\/wp-json\/wp\/v2\/media?parent=441"}],"curies":[{"name":"wp","href":"https:\/\/api.w.org\/{rel}","templated":true}]}}