{"id":410,"date":"2025-02-19T20:53:24","date_gmt":"2025-02-20T01:53:24","guid":{"rendered":"https:\/\/aquassist.com\/privacy-policy-french\/"},"modified":"2025-03-26T14:53:42","modified_gmt":"2025-03-26T19:53:42","slug":"politique-confidentialite","status":"publish","type":"page","link":"https:\/\/aquassist.com\/fr\/politique-confidentialite\/","title":{"rendered":"Politique de confidentialit\u00e9"},"content":{"rendered":"<div id=\"cs-content\" class=\"cs-content\"><div class=\"x-section e410-e1 mbe-0\"><div class=\"x-row x-container max width e410-e2 mbe-1 mbe-2\"><div class=\"x-row-inner\"><div class=\"x-col e410-e3 mbe-3\"><div class=\"x-text x-content e410-e4 mbe-4 mbe-5\">Politique de confidentialit\u00e9<\/div><div class=\"x-text x-content e410-e5 mbe-4 mbe-6\"><p><strong>INTRODUCTION<\/strong><br \/>\n<br \/>\nLa pr\u00e9sente politique de confidentialit\u00e9 d\u00e9crit nos politiques et proc\u00e9dures concernant la collecte, l\u2019utilisation et la divulgation de vos informations lorsque vous utilisez le Service, et vous informe de vos droits en mati\u00e8re de confidentialit\u00e9 ainsi que de la fa\u00e7on dont la loi vous prot\u00e8ge.<br \/>\nNous utilisons vos donn\u00e9es personnelles pour fournir et am\u00e9liorer le Service. En utilisant le Service, vous acceptez la collecte et l\u2019utilisation des informations conform\u00e9ment \u00e0 cette politique de confidentialit\u00e9.<\/p>\n<p><strong>INTERPR\u00c9TATIONS ET D\u00c9FINITIONS<\/strong><br \/>\n<br \/>\n<strong>Interpr\u00e9tation<br \/>\n<\/strong><br \/>\nLes mots dont la premi\u00e8re lettre est en majuscule ont un sens d\u00e9fini dans les conditions suivantes. Ces d\u00e9finitions ont la m\u00eame signification qu\u2019elles apparaissent au singulier ou au pluriel.<br \/>\n<br \/>\n<strong>D\u00e9finitions<br \/>\n<\/strong><br \/>\nAux fins de cette politique de confidentialit\u00e9 :<br \/>\n<br \/>\n\u2022 <strong>Compte<\/strong> : un compte unique cr\u00e9\u00e9 pour vous permettre d\u2019acc\u00e9der \u00e0 notre Service ou \u00e0 certaines parties de notre Service.<br \/>\n\u2022 <strong>Affili\u00e9<\/strong> : toute entit\u00e9 contr\u00f4lant, contr\u00f4l\u00e9e par ou sous contr\u00f4le commun avec une partie. Le terme \"contr\u00f4le\" d\u00e9signe la possession de 50 % ou plus des actions, participations ou titres avec droit de vote pour l\u2019\u00e9lection des administrateurs ou d\u2019une autre autorit\u00e9 de gestion.<br \/>\n\u2022 <strong>Application<\/strong> : le programme logiciel fourni par la Soci\u00e9t\u00e9 et t\u00e9l\u00e9charg\u00e9 par vous sur tout appareil \u00e9lectronique, appel\u00e9 Aquassist.<br \/>\n\u2022 <strong>Soci\u00e9t\u00e9<\/strong> (d\u00e9sign\u00e9e par \"la Soci\u00e9t\u00e9\", \"Nous\", \"Notre\" ou \"Nos\" dans le pr\u00e9sent Accord) : Aquassist Inc., Boucherville, QC, Canada.<br \/>\n\u2022 <strong>Pays<\/strong> : Qu\u00e9bec, Canada.<br \/>\n\u2022 <strong>Appareil<\/strong> : tout appareil permettant d\u2019acc\u00e9der au Service, comme un ordinateur, un t\u00e9l\u00e9phone portable ou une tablette num\u00e9rique.<br \/>\n\u2022 <strong>Donn\u00e9es personnelles<\/strong> : toute information relative \u00e0 une personne physique identifi\u00e9e ou identifiable.<br \/>\n\u2022 <strong>Service<\/strong> : l\u2019Application.<br \/>\n\u2022 <strong>Fournisseur de services<\/strong> : toute personne physique ou morale traitant les donn\u00e9es pour le compte de la Soci\u00e9t\u00e9. Il s'agit de soci\u00e9t\u00e9s ou individus tiers engag\u00e9s par la Soci\u00e9t\u00e9 pour faciliter le Service, fournir le Service au nom de la Soci\u00e9t\u00e9, effectuer des services li\u00e9s au Service ou aider la Soci\u00e9t\u00e9 \u00e0 analyser l\u2019utilisation du Service.<br \/>\n\u2022 <strong>Donn\u00e9es d\u2019utilisation<\/strong> : donn\u00e9es collect\u00e9es automatiquement, soit g\u00e9n\u00e9r\u00e9es par l\u2019utilisation du Service, soit par l\u2019infrastructure du Service elle-m\u00eame (par exemple, la dur\u00e9e d\u2019une visite de page).<br \/>\n\u2022 <strong>Vous<\/strong> : la personne physique acc\u00e9dant au Service ou l\u2019utilisant, ou la soci\u00e9t\u00e9 ou autre entit\u00e9 juridique au nom de laquelle cette personne acc\u00e8de ou utilise le Service, selon le cas.<\/p>\n<p><strong>COLLECTE ET UTILISATION DE VOS DONN\u00c9ES PERSONNELLES<\/strong><br \/>\n<br \/>\n<strong>Types de donn\u00e9es collect\u00e9es<\/strong><br \/>\n<br \/>\n<strong>Donn\u00e9es personnelles<\/strong><br \/>\nLors de l\u2019utilisation de notre Service, nous pouvons vous demander de nous fournir certaines informations personnelles identifiables, notamment :<br \/>\n<br \/>\n\u2022 Adresse courriel<br \/>\n\u2022 Pr\u00e9nom et nom<br \/>\n\u2022 Num\u00e9ro de t\u00e9l\u00e9phone<br \/>\n\u2022 Donn\u00e9es d\u2019utilisation<br \/>\n<br \/>\n<strong>Donn\u00e9es d\u2019utilisation<\/strong><br \/>\nElles sont collect\u00e9es automatiquement lors de l\u2019utilisation du Service et peuvent inclure :<br \/>\n<br \/>\n\u2022 L\u2019adresse IP de votre appareil<br \/>\n\u2022 Le type de navigateur<br \/>\n\u2022 La version du navigateur<br \/>\n\u2022 Les pages consult\u00e9es sur notre Service<br \/>\n\u2022 La date et l\u2019heure de votre visite<br \/>\n\u2022 Le temps pass\u00e9 sur ces pages<br \/>\n\u2022 Les identifiants uniques d\u2019appareil<br \/>\n\u2022 D\u2019autres donn\u00e9es de diagnostic<br \/>\n<br \/>\nEn acc\u00e9dant au Service par un appareil mobile, des informations telles que :<br \/>\n<br \/>\n\u2022 Le type d\u2019appareil mobile<br \/>\n\u2022 L\u2019identifiant unique de l\u2019appareil<br \/>\n\u2022 L\u2019adresse IP mobile<br \/>\n\u2022 Le syst\u00e8me d\u2019exploitation mobile<br \/>\n\u2022 Le navigateur mobile utilis\u00e9 peuvent \u00e9galement \u00eatre collect\u00e9es automatiquement.<\/p>\n<p><strong>UTILISATION DE VOS DONN\u00c9ES PERSONNELLES<\/strong><br \/>\n<br \/>\nLa Soci\u00e9t\u00e9 peut utiliser les donn\u00e9es personnelles aux fins suivantes :<\/p>\n<p><br \/>\n\u2022 Fournir et maintenir le Service, y compris en surveillant son utilisation<br \/>\n\u2022 G\u00e9rer votre compte<br \/>\n\u2022 Ex\u00e9cuter un contrat ou une commande<br \/>\n\u2022 Vous contacter (courriel, appels, SMS, notifications, etc.)<br \/>\n\u2022 Vous fournir des nouvelles, offres sp\u00e9ciales et informations sur des produits ou services similaires<br \/>\n\u2022 R\u00e9pondre \u00e0 vos demandes<br \/>\n\u2022 Dans le cadre de transferts d\u2019entreprise (fusion, vente, etc.)<br \/>\n\u2022 \u00c0 d\u2019autres fins : analyse de donn\u00e9es, \u00e9valuation de campagnes, am\u00e9lioration de l\u2019exp\u00e9rience utilisateur, etc.<\/p>\n<p><strong>Partage de vos donn\u00e9es personnelles :<\/strong><br \/>\nNous pouvons partager vos donn\u00e9es :<br \/>\n<br \/>\n\u2022 Avec des fournisseurs de services<br \/>\n\u2022 En cas de transfert d\u2019entreprise<br \/>\n\u2022 Avec nos affili\u00e9s<br \/>\n\u2022 Avec des partenaires commerciaux<br \/>\n\u2022 Avec d\u2019autres utilisateurs dans les zones publiques<br \/>\n\u2022 Avec votre consentement explicite<\/p>\n<p><strong>CONSERVATION DE VOS DONN\u00c9ES PERSONNELLES<br \/>\n<\/strong><br \/>\nLa Soci\u00e9t\u00e9 conservera vos donn\u00e9es personnelles aussi longtemps que n\u00e9cessaire aux fins pr\u00e9vues. Nous les conserverons \u00e9galement pour nous conformer \u00e0 nos obligations l\u00e9gales, r\u00e9soudre les litiges et faire respecter nos accords.<br \/>\nLes donn\u00e9es d\u2019utilisation sont g\u00e9n\u00e9ralement conserv\u00e9es pour une p\u00e9riode plus courte, sauf si elles servent \u00e0 renforcer la s\u00e9curit\u00e9 ou am\u00e9liorer la fonctionnalit\u00e9 du Service.<\/p>\n<p><strong>TRANSFERT DE VOS DONN\u00c9ES PERSONNELLES<\/strong><br \/>\n<br \/>\nVos informations peuvent \u00eatre transf\u00e9r\u00e9es et conserv\u00e9es sur des ordinateurs situ\u00e9s hors de votre juridiction, o\u00f9 les lois de protection des donn\u00e9es peuvent diff\u00e9rer.<br \/>\nEn utilisant notre Service, vous acceptez ce transfert. Nous prendrons toutes les mesures raisonnables pour prot\u00e9ger vos donn\u00e9es conform\u00e9ment \u00e0 cette politique.<\/p>\n<p><strong>DIVULGATION DE VOS DONN\u00c9ES PERSONNELLES<\/strong><br \/>\n<br \/>\n\u2022 <strong>Transactions commerciales<\/strong> : en cas de fusion, acquisition ou vente d\u2019actifs<br \/>\n\u2022 <strong>Application de la loi<\/strong> : si requis par une autorit\u00e9 publique<br \/>\n\u2022 <strong>Exigences l\u00e9gales<\/strong> : pour se conformer \u00e0 une obligation l\u00e9gale, d\u00e9fendre nos droits, enqu\u00eater sur des actes r\u00e9pr\u00e9hensibles, assurer la s\u00e9curit\u00e9 des utilisateurs ou se pr\u00e9munir contre toute responsabilit\u00e9<\/p>\n<p><strong>S\u00c9CURIT\u00c9 DE VOS DONN\u00c9ES PERSONNELLES<br \/>\n<\/strong><br \/>\nNous mettons en \u0153uvre des mesures de s\u00e9curit\u00e9 commercialement acceptables, mais aucune m\u00e9thode de transmission ou de stockage \u00e9lectronique n\u2019est totalement s\u00fbre. Nous ne pouvons garantir la s\u00e9curit\u00e9 absolue de vos donn\u00e9es.<\/p>\n<p><strong>CONFIDENTIALIT\u00c9 DES ENFANTS<\/strong><br \/>\n<br \/>\nNotre Service ne s\u2019adresse pas aux personnes de moins de 13 ans. Nous ne collectons pas sciemment de donn\u00e9es personnelles aupr\u00e8s d\u2019enfants de moins de 13 ans. Si vous \u00eates un parent et que vous constatez que votre enfant nous a fourni des donn\u00e9es, veuillez nous contacter pour que nous supprimions ces informations.<\/p>\n<p><strong>LIENS VERS D\u2019AUTRES SITES WEB<\/strong><br \/>\n<br \/>\nNotre Service peut contenir des liens vers des sites tiers. Nous vous encourageons \u00e0 consulter leur politique de confidentialit\u00e9. Nous ne sommes pas responsables de leur contenu ou de leurs pratiques.<\/p>\n<p><strong>MODIFICATIONS DE CETTE POLITIQUE DE CONFIDENTIALIT\u00c9<\/strong><br \/>\n<br \/>\nNous pouvons mettre \u00e0 jour cette politique p\u00e9riodiquement. Les modifications seront publi\u00e9es sur cette page avec la date de mise \u00e0 jour. Vous serez inform\u00e9 par courriel ou notification importante avant que les changements prennent effet.<br \/>\nNous vous conseillons de consulter r\u00e9guli\u00e8rement cette politique.<\/p>\n<p><strong>NOUS CONTACTER<\/strong><br \/>\n<br \/>\nSi vous avez des questions concernant cette politique de confidentialit\u00e9, vous pouvez nous contacter \u00e0 :<br \/>\n<br \/>\n<a href=\"mailto:info@aquassist.com\">info@aquassist.com<\/a><br \/>\n<br \/>\nDerni\u00e8re mise \u00e0 jour : 8 d\u00e9cembre 2021<\/p><\/div><\/div><\/div><\/div><\/div><\/div>\n","protected":false},"excerpt":{"rendered":"<p>Politique de confidentialit\u00e9INTRODUCTION La pr\u00e9sente politique de confidentialit\u00e9 d\u00e9crit nos politiques et proc\u00e9dures concernant la collecte, l\u2019utilisation et la divulgation de vos informations lorsque vous utilisez le Service, et vous informe de vos droits en mati\u00e8re de confidentialit\u00e9 ainsi que de la fa\u00e7on dont la loi vous prot\u00e8ge. Nous utilisons vos donn\u00e9es personnelles pour fournir et am\u00e9liorer le Service. En &#8230; <\/p>\n<div><a href=\"https:\/\/aquassist.com\/fr\/politique-confidentialite\/\" class=\"more-link\">Read More<\/a><\/div>\n","protected":false},"author":1,"featured_media":0,"parent":0,"menu_order":0,"comment_status":"closed","ping_status":"closed","template":"template-blank-5.php","meta":{"footnotes":""},"class_list":["post-410","page","type-page","status-publish","hentry","no-post-thumbnail"],"yoast_head":"<!-- This site is optimized with the Yoast SEO Premium plugin v27.3 (Yoast SEO v27.3) - https:\/\/yoast.com\/product\/yoast-seo-premium-wordpress\/ -->\n<title>Politique de confidentialit\u00e9 - Aquassist | Assistant de traitement d&#039;eau | Automated Water System Management<\/title>\n<meta name=\"robots\" content=\"index, follow, max-snippet:-1, max-image-preview:large, max-video-preview:-1\" \/>\n<link rel=\"canonical\" href=\"https:\/\/aquassist.com\/fr\/politique-confidentialite\/\" \/>\n<meta property=\"og:locale\" content=\"fr_FR\" \/>\n<meta property=\"og:type\" content=\"article\" \/>\n<meta property=\"og:title\" content=\"Politique de confidentialit\u00e9\" \/>\n<meta property=\"og:description\" content=\"Politique de confidentialit\u00e9INTRODUCTION La pr\u00e9sente politique de confidentialit\u00e9 d\u00e9crit nos politiques et proc\u00e9dures concernant la collecte, l\u2019utilisation et la divulgation de vos informations lorsque vous utilisez le Service, et vous informe de vos droits en mati\u00e8re de confidentialit\u00e9 ainsi que de la fa\u00e7on dont la loi vous prot\u00e8ge. Nous utilisons vos donn\u00e9es personnelles pour fournir et am\u00e9liorer le Service. En ... Read More\" \/>\n<meta property=\"og:url\" content=\"https:\/\/aquassist.com\/fr\/politique-confidentialite\/\" \/>\n<meta property=\"og:site_name\" content=\"Aquassist | Assistant de traitement d&#039;eau | Automated Water System Management\" \/>\n<meta property=\"article:modified_time\" content=\"2025-03-26T19:53:42+00:00\" \/>\n<meta name=\"twitter:card\" content=\"summary_large_image\" \/>\n<meta name=\"twitter:label1\" content=\"Dur\u00e9e de lecture estim\u00e9e\" \/>\n\t<meta name=\"twitter:data1\" content=\"6 minutes\" \/>\n<script type=\"application\/ld+json\" class=\"yoast-schema-graph\">{\"@context\":\"https:\\\/\\\/schema.org\",\"@graph\":[{\"@type\":\"WebPage\",\"@id\":\"https:\\\/\\\/aquassist.com\\\/fr\\\/politique-confidentialite\\\/\",\"url\":\"https:\\\/\\\/aquassist.com\\\/fr\\\/politique-confidentialite\\\/\",\"name\":\"Politique de confidentialit\u00e9 - Aquassist | Assistant de traitement d&#039;eau | Automated Water System Management\",\"isPartOf\":{\"@id\":\"https:\\\/\\\/aquassist.com\\\/#website\"},\"datePublished\":\"2025-02-20T01:53:24+00:00\",\"dateModified\":\"2025-03-26T19:53:42+00:00\",\"breadcrumb\":{\"@id\":\"https:\\\/\\\/aquassist.com\\\/fr\\\/politique-confidentialite\\\/#breadcrumb\"},\"inLanguage\":\"fr-FR\",\"potentialAction\":[{\"@type\":\"ReadAction\",\"target\":[\"https:\\\/\\\/aquassist.com\\\/fr\\\/politique-confidentialite\\\/\"]}]},{\"@type\":\"BreadcrumbList\",\"@id\":\"https:\\\/\\\/aquassist.com\\\/fr\\\/politique-confidentialite\\\/#breadcrumb\",\"itemListElement\":[{\"@type\":\"ListItem\",\"position\":1,\"name\":\"Home\",\"item\":\"https:\\\/\\\/aquassist.com\\\/fr\\\/accueil\\\/\"},{\"@type\":\"ListItem\",\"position\":2,\"name\":\"Politique de confidentialit\u00e9\"}]},{\"@type\":\"WebSite\",\"@id\":\"https:\\\/\\\/aquassist.com\\\/#website\",\"url\":\"https:\\\/\\\/aquassist.com\\\/\",\"name\":\"Aquassist | Assistant de traitement d'eau\",\"description\":\"Aquassist simplifie les tests d&#039;eau gr\u00e2ce \u00e0 des solutions intelligentes et connect\u00e9es qui garantissent pr\u00e9cision et efficacit\u00e9. Transformez des donn\u00e9es complexes en r\u00e9sultats clairs et exploitables en toute simplicit\u00e9.  |\",\"publisher\":{\"@id\":\"https:\\\/\\\/aquassist.com\\\/#organization\"},\"potentialAction\":[{\"@type\":\"SearchAction\",\"target\":{\"@type\":\"EntryPoint\",\"urlTemplate\":\"https:\\\/\\\/aquassist.com\\\/?s={search_term_string}\"},\"query-input\":{\"@type\":\"PropertyValueSpecification\",\"valueRequired\":true,\"valueName\":\"search_term_string\"}}],\"inLanguage\":\"fr-FR\"},{\"@type\":\"Organization\",\"@id\":\"https:\\\/\\\/aquassist.com\\\/#organization\",\"name\":\"Aquassist | Assistant de traitement d'eau\",\"url\":\"https:\\\/\\\/aquassist.com\\\/\",\"logo\":{\"@type\":\"ImageObject\",\"inLanguage\":\"fr-FR\",\"@id\":\"https:\\\/\\\/aquassist.com\\\/#\\\/schema\\\/logo\\\/image\\\/\",\"url\":\"https:\\\/\\\/aquassist.com\\\/wp-content\\\/uploads\\\/2025\\\/03\\\/Aquassist_couleur_byMagnus_CMYK-01.png\",\"contentUrl\":\"https:\\\/\\\/aquassist.com\\\/wp-content\\\/uploads\\\/2025\\\/03\\\/Aquassist_couleur_byMagnus_CMYK-01.png\",\"width\":1800,\"height\":900,\"caption\":\"Aquassist | Assistant de traitement d'eau\"},\"image\":{\"@id\":\"https:\\\/\\\/aquassist.com\\\/#\\\/schema\\\/logo\\\/image\\\/\"},\"sameAs\":[\"https:\\\/\\\/www.linkedin.com\\\/company\\\/100930245\\\/\"]}]}<\/script>\n<!-- \/ Yoast SEO Premium plugin. -->","yoast_head_json":{"title":"Politique de confidentialit\u00e9 - Aquassist | Assistant de traitement d&#039;eau | Automated Water System Management","robots":{"index":"index","follow":"follow","max-snippet":"max-snippet:-1","max-image-preview":"max-image-preview:large","max-video-preview":"max-video-preview:-1"},"canonical":"https:\/\/aquassist.com\/fr\/politique-confidentialite\/","og_locale":"fr_FR","og_type":"article","og_title":"Politique de confidentialit\u00e9","og_description":"Politique de confidentialit\u00e9INTRODUCTION La pr\u00e9sente politique de confidentialit\u00e9 d\u00e9crit nos politiques et proc\u00e9dures concernant la collecte, l\u2019utilisation et la divulgation de vos informations lorsque vous utilisez le Service, et vous informe de vos droits en mati\u00e8re de confidentialit\u00e9 ainsi que de la fa\u00e7on dont la loi vous prot\u00e8ge. Nous utilisons vos donn\u00e9es personnelles pour fournir et am\u00e9liorer le Service. En ... Read More","og_url":"https:\/\/aquassist.com\/fr\/politique-confidentialite\/","og_site_name":"Aquassist | Assistant de traitement d&#039;eau | Automated Water System Management","article_modified_time":"2025-03-26T19:53:42+00:00","twitter_card":"summary_large_image","twitter_misc":{"Dur\u00e9e de lecture estim\u00e9e":"6 minutes"},"schema":{"@context":"https:\/\/schema.org","@graph":[{"@type":"WebPage","@id":"https:\/\/aquassist.com\/fr\/politique-confidentialite\/","url":"https:\/\/aquassist.com\/fr\/politique-confidentialite\/","name":"Politique de confidentialit\u00e9 - Aquassist | Assistant de traitement d&#039;eau | Automated Water System Management","isPartOf":{"@id":"https:\/\/aquassist.com\/#website"},"datePublished":"2025-02-20T01:53:24+00:00","dateModified":"2025-03-26T19:53:42+00:00","breadcrumb":{"@id":"https:\/\/aquassist.com\/fr\/politique-confidentialite\/#breadcrumb"},"inLanguage":"fr-FR","potentialAction":[{"@type":"ReadAction","target":["https:\/\/aquassist.com\/fr\/politique-confidentialite\/"]}]},{"@type":"BreadcrumbList","@id":"https:\/\/aquassist.com\/fr\/politique-confidentialite\/#breadcrumb","itemListElement":[{"@type":"ListItem","position":1,"name":"Home","item":"https:\/\/aquassist.com\/fr\/accueil\/"},{"@type":"ListItem","position":2,"name":"Politique de confidentialit\u00e9"}]},{"@type":"WebSite","@id":"https:\/\/aquassist.com\/#website","url":"https:\/\/aquassist.com\/","name":"Aquassist | Assistant de traitement d'eau","description":"Aquassist simplifie les tests d&#039;eau gr\u00e2ce \u00e0 des solutions intelligentes et connect\u00e9es qui garantissent pr\u00e9cision et efficacit\u00e9. Transformez des donn\u00e9es complexes en r\u00e9sultats clairs et exploitables en toute simplicit\u00e9.  |","publisher":{"@id":"https:\/\/aquassist.com\/#organization"},"potentialAction":[{"@type":"SearchAction","target":{"@type":"EntryPoint","urlTemplate":"https:\/\/aquassist.com\/?s={search_term_string}"},"query-input":{"@type":"PropertyValueSpecification","valueRequired":true,"valueName":"search_term_string"}}],"inLanguage":"fr-FR"},{"@type":"Organization","@id":"https:\/\/aquassist.com\/#organization","name":"Aquassist | Assistant de traitement d'eau","url":"https:\/\/aquassist.com\/","logo":{"@type":"ImageObject","inLanguage":"fr-FR","@id":"https:\/\/aquassist.com\/#\/schema\/logo\/image\/","url":"https:\/\/aquassist.com\/wp-content\/uploads\/2025\/03\/Aquassist_couleur_byMagnus_CMYK-01.png","contentUrl":"https:\/\/aquassist.com\/wp-content\/uploads\/2025\/03\/Aquassist_couleur_byMagnus_CMYK-01.png","width":1800,"height":900,"caption":"Aquassist | Assistant de traitement d'eau"},"image":{"@id":"https:\/\/aquassist.com\/#\/schema\/logo\/image\/"},"sameAs":["https:\/\/www.linkedin.com\/company\/100930245\/"]}]}},"_links":{"self":[{"href":"https:\/\/aquassist.com\/fr\/wp-json\/wp\/v2\/pages\/410","targetHints":{"allow":["GET"]}}],"collection":[{"href":"https:\/\/aquassist.com\/fr\/wp-json\/wp\/v2\/pages"}],"about":[{"href":"https:\/\/aquassist.com\/fr\/wp-json\/wp\/v2\/types\/page"}],"author":[{"embeddable":true,"href":"https:\/\/aquassist.com\/fr\/wp-json\/wp\/v2\/users\/1"}],"replies":[{"embeddable":true,"href":"https:\/\/aquassist.com\/fr\/wp-json\/wp\/v2\/comments?post=410"}],"version-history":[{"count":4,"href":"https:\/\/aquassist.com\/fr\/wp-json\/wp\/v2\/pages\/410\/revisions"}],"predecessor-version":[{"id":414,"href":"https:\/\/aquassist.com\/fr\/wp-json\/wp\/v2\/pages\/410\/revisions\/414"}],"wp:attachment":[{"href":"https:\/\/aquassist.com\/fr\/wp-json\/wp\/v2\/media?parent=410"}],"curies":[{"name":"wp","href":"https:\/\/api.w.org\/{rel}","templated":true}]}}