{"id":386,"date":"2025-02-25T16:12:39","date_gmt":"2025-02-25T21:12:39","guid":{"rendered":"https:\/\/aquassist.com\/about-french\/"},"modified":"2026-03-27T09:16:47","modified_gmt":"2026-03-27T14:16:47","slug":"a_propos","status":"publish","type":"page","link":"https:\/\/aquassist.com\/fr\/a_propos\/","title":{"rendered":"\u00c0 propos"},"content":{"rendered":"<div id=\"cs-content\" class=\"cs-content\"><div class=\"x-section e386-e1 maq-0 maq-1 maq-2\"><div class=\"x-bg\" aria-hidden=\"true\"><div class=\"x-bg-layer-lower-image\"><\/div><\/div><div class=\"x-row x-container max width e386-e2 maq-8 maq-9 maq-a maq-b maq-c maq-d maq-l maq-m\"><div class=\"x-row-inner\"><div class=\"x-col e386-e3 maq-x maq-y maq-z maq-10\"><div class=\"x-text x-content e386-e4 maq-1h maq-1i maq-1j maq-1k maq-1l maq-1m maq-1n maq-1o maq-1p maq-1q maq-1r maq-1s maq-1t\">Notre mission<\/div><div class=\"x-text x-content e386-e5 maq-1h maq-1l maq-1m maq-1n maq-1o maq-1p maq-1r maq-1t maq-1u maq-1v maq-1w\"><p class=\"\" data-start=\"0\" data-end=\"74\">Optimisez le <br \/>traitement de <br \/>l&rsquo;eau gr&acirc;ce &agrave; des technologies intelligentes<\/p><\/div><\/div><\/div><\/div><div class=\"x-row x-container max width e386-e6 maq-8 maq-a maq-b maq-c maq-d maq-e maq-l maq-n\"><div class=\"x-row-inner\"><div class=\"x-col e386-e7 maq-x maq-y maq-z maq-10\"><div class=\"x-text x-content e386-e8 maq-1h maq-1l maq-1n maq-1o maq-1p maq-1q maq-1r maq-1s maq-1t maq-1v maq-1x maq-1y maq-1z\">Notre parcours<\/div><div class=\"x-text x-content e386-e9 maq-1h maq-1j maq-1l maq-1r maq-1s maq-1t maq-1x maq-20 maq-21 maq-22 maq-23 maq-24 maq-25\"><p>Aquassist a \u00e9t\u00e9 fond\u00e9 pour r\u00e9volutionner la gestion de l\u2019eau gr\u00e2ce \u00e0 la technologie et \u00e0 l\u2019expertise. \u00c0 l\u2019origine con\u00e7u comme un outil de synchronisation de l\u2019information entre les clients et les experts, il est devenu une solution compl\u00e8te de traitement de l\u2019eau.<br \/>\n<br \/>\nNotre plateforme va au-del\u00e0 de la simple collecte de donn\u00e9es en fournissant des analyses exploitables pour optimiser les op\u00e9rations de traitement de l\u2019eau. Aujourd\u2019hui, nous sommes un partenaire de confiance, aidant les entreprises \u00e0 adopter une gestion de l\u2019eau plus intelligente et durable, tout en r\u00e9duisant leur impact environnemental.<\/p><\/div><\/div><\/div><\/div><\/div><div class=\"x-section e386-e10 maq-0 maq-3 maq-4\"><div class=\"x-row x-container max width e386-e11 maq-8 maq-a maq-c maq-f maq-g maq-o maq-p\"><div class=\"x-row-inner\"><div class=\"x-col e386-e12 maq-x maq-11 maq-12 maq-13 maq-14\"><div class=\"x-text x-content e386-e13 maq-1h maq-1o maq-1p maq-1r maq-1t maq-1w maq-25 maq-26 maq-27 maq-28\"><p>Nos valeurs<\/p><\/div><\/div><div class=\"x-col e386-e14 maq-x maq-10 maq-11 maq-12 maq-15 maq-16 maq-17 maq-18\"><div class=\"x-bg\" aria-hidden=\"true\"><div class=\"x-bg-layer-upper-image\"><\/div><\/div><div class=\"x-text x-content e386-e15 maq-1h maq-1p maq-1r maq-1s maq-1t maq-25 maq-28 maq-29 maq-2a\"><p>ENGAGEZ-VOUS<\/p><\/div><div class=\"x-text x-content e386-e16 maq-1h maq-1i maq-1j maq-1l maq-1s maq-1t maq-24 maq-2b maq-2c maq-2d\"><p>Soyez au c&oelig;ur de l&rsquo;action, engag&eacute; et pr&ecirc;t &agrave; faire une diff&eacute;rence. Votre d&eacute;vouement et votre pers&eacute;v&eacute;rance donnent vie &agrave; notre mission.<\/p><\/div><\/div><div class=\"x-col e386-e17 maq-x maq-10 maq-11 maq-12 maq-15 maq-16 maq-19 maq-1a\"><div class=\"x-bg\" aria-hidden=\"true\"><div class=\"x-bg-layer-upper-image\"><\/div><\/div><div class=\"x-text x-content e386-e18 maq-1h maq-1p maq-1r maq-1s maq-1t maq-25 maq-28 maq-29 maq-2a\"><p>ACCUEILLEZ LA CROISSANCE<\/p><\/div><div class=\"x-text x-content e386-e19 maq-1h maq-1i maq-1j maq-1l maq-1s maq-1t maq-24 maq-2b maq-2c maq-2d\"><p>Cultivez votre croissance et restez ouvert aux changements. Accueillez les d&eacute;fis et transformez-les en opportunit&eacute;s enrichissantes.<\/p><\/div><\/div><\/div><\/div><div class=\"x-row x-container max width e386-e20 maq-8 maq-c maq-g maq-h maq-i maq-o maq-q\"><div class=\"x-row-inner\"><div class=\"x-col e386-e21 maq-x maq-10 maq-11 maq-12 maq-15 maq-16 maq-1a maq-1b\"><div class=\"x-bg\" aria-hidden=\"true\"><div class=\"x-bg-layer-upper-image\"><\/div><\/div><div class=\"x-text x-content e386-e22 maq-1h maq-1p maq-1r maq-1s maq-1t maq-25 maq-28 maq-29 maq-2a\"><p>FAITES LA DIFF&Eacute;RENCE<\/p><\/div><div class=\"x-text x-content e386-e23 maq-1h maq-1i maq-1j maq-1l maq-1s maq-1t maq-24 maq-2b maq-2c maq-2d\"><p>Agissez avec int&eacute;grit&eacute; et confiance. Prenez des d&eacute;cisions justes et valorisez la satisfaction du client &agrave; chaque interaction.<\/p><\/div><\/div><div class=\"x-col e386-e24 maq-x maq-10 maq-11 maq-12 maq-15 maq-16 maq-1a maq-1c\"><div class=\"x-bg\" aria-hidden=\"true\"><div class=\"x-bg-layer-upper-image\"><\/div><\/div><div class=\"x-text x-content e386-e25 maq-1h maq-1p maq-1r maq-1s maq-1t maq-25 maq-28 maq-29 maq-2a\"><p>PRENEZ LES R&Ecirc;NES<\/p><\/div><div class=\"x-text x-content e386-e26 maq-1h maq-1i maq-1j maq-1l maq-1s maq-1t maq-24 maq-2b maq-2c maq-2d\"><p>Prenez les r&ecirc;nes de vos actions. Soyez un mod&egrave;le de d&eacute;termination et incarnez l&rsquo;initiative. Menez par l&rsquo;exemple et encouragez constamment la qualit&eacute;.<\/p><\/div><\/div><div class=\"x-col e386-e27 maq-x maq-10 maq-11 maq-12 maq-15 maq-16 maq-18 maq-1d\"><div class=\"x-bg\" aria-hidden=\"true\"><div class=\"x-bg-layer-upper-image\"><\/div><\/div><div class=\"x-text x-content e386-e28 maq-1h maq-1p maq-1r maq-1s maq-1t maq-25 maq-28 maq-29 maq-2a\"><p>SOYEZ UN PIONNIER<\/p><\/div><div class=\"x-text x-content e386-e29 maq-1h maq-1i maq-1j maq-1l maq-1s maq-1t maq-24 maq-2b maq-2c maq-2d\"><p>Osez explorer et innover. Mettez-vous au d&eacute;fi, prenez des d&eacute;cisions audacieuses et explorez de nouvelles fronti&egrave;res pour ouvrir des voies in&eacute;dites.<\/p><\/div><\/div><\/div><\/div><\/div><div class=\"x-section e386-e30 maq-0 maq-4 maq-5\" id=\"carrieres\"><div class=\"x-row x-container max width e386-e31 maq-8 maq-c maq-d maq-h maq-j maq-l maq-r\"><div class=\"x-row-inner\"><div class=\"x-col e386-e32 maq-x maq-y maq-z maq-10\"><div class=\"x-text x-content e386-e33 maq-1h maq-1i maq-1q maq-1s maq-25 maq-2b maq-2e maq-2f maq-2g maq-2h\">Notre vision r\u00e9sonne avec vous?<\/div><div class=\"x-text x-content e386-e34 maq-1h maq-1i maq-1l maq-1s maq-1z maq-20 maq-24 maq-2d maq-2h maq-2i maq-2j\"><p>Consultez nos offres d'emploi disponibles.<\/p><\/div><\/div><\/div><\/div><\/div><div class=\"x-section e386-e35 maq-0 maq-2 maq-6\"><div class=\"x-bg\" aria-hidden=\"true\"><div class=\"x-bg-layer-lower-image\"><\/div><\/div><div class=\"x-row x-container max width e386-e36 maq-8 maq-c maq-d maq-h maq-j maq-l maq-s\"><div class=\"x-row-inner\"><div class=\"x-col e386-e37 maq-x maq-y maq-z maq-10\"><div class=\"x-text x-content e386-e38 maq-1h maq-1i maq-1o maq-1p maq-1q maq-1s maq-1t maq-25 maq-2b maq-2e maq-2f maq-2h maq-2k\">Contact<\/div><\/div><\/div><\/div><div class=\"x-row x-container max width e386-e39 maq-8 maq-d maq-h maq-j maq-k maq-l maq-t\"><div class=\"x-row-inner\"><div class=\"x-col e386-e40 maq-x maq-y maq-10 maq-1e maq-1f\"><div class=\"x-text x-content e386-e41 maq-1h maq-1w maq-23 maq-25 maq-28 maq-2a maq-2b maq-2l maq-2m maq-2n\">Transformez votre analyse de l\u2019eau gr\u00e2ce \u00e0 Aquassist<\/div><div class=\"x-text x-content e386-e42 maq-1h maq-1q maq-1s maq-1t maq-22 maq-23 maq-25 maq-26 maq-2m\">Nos solutions sont le fruit d\u2019un savoir approfondi et d\u2019une expertise \u00e9prouv\u00e9e, soutenues par une qu\u00eate constante d\u2019innovation. D\u00e9couvrez une pr\u00e9cision et une simplicit\u00e9 in\u00e9gal\u00e9es dans l\u2019analyse de l\u2019eau. Contactez-nous d\u00e8s aujourd\u2019hui pour explorer comment nos technologies de pointe peuvent transformer votre processus.<\/div><\/div><\/div><\/div><div class=\"x-row x-container max width e386-e43 maq-8 maq-c maq-d maq-h maq-j maq-l maq-u\"><div class=\"x-row-inner\"><div class=\"x-col e386-e44 maq-x maq-y maq-z maq-10\"><div class=\"x-text x-content e386-e45 maq-1h maq-1w maq-25 maq-28 maq-2b maq-2e maq-2h maq-2j maq-2n maq-2o\">Profitez d'une pr\u00e9cision et d'une simplicit\u00e9 in\u00e9gal\u00e9es dans l'analyse de l'eau.<\/div><\/div><\/div><\/div><div class=\"x-row x-container max width e386-e46 maq-8 maq-c maq-d maq-h maq-j maq-l maq-v\"><div class=\"x-row-inner\"><div class=\"x-col e386-e47 maq-x maq-y maq-10 maq-11 maq-13 maq-16 maq-1f maq-1g\"><div class=\"x-form-integration x-form-integration-contact-form-7 e386-e48 maq-2r maq-7\">\n<div class=\"wpcf7 no-js\" id=\"wpcf7-f235-o1\" lang=\"fr-FR\" dir=\"ltr\" data-wpcf7-id=\"235\">\n<div class=\"screen-reader-response\"><p role=\"status\" aria-live=\"polite\" aria-atomic=\"true\"><\/p> <ul><\/ul><\/div>\n<form action=\"\/fr\/wp-json\/wp\/v2\/pages\/386#wpcf7-f235-o1\" method=\"post\" class=\"wpcf7-form init\" aria-label=\"Formulaire de contact\" novalidate=\"novalidate\" data-status=\"init\">\n<fieldset class=\"hidden-fields-container\"><input type=\"hidden\" name=\"_wpcf7\" value=\"235\" \/><input type=\"hidden\" name=\"_wpcf7_version\" value=\"6.1.5\" \/><input type=\"hidden\" name=\"_wpcf7_locale\" value=\"fr_FR\" \/><input type=\"hidden\" name=\"_wpcf7_unit_tag\" value=\"wpcf7-f235-o1\" \/><input type=\"hidden\" name=\"_wpcf7_container_post\" value=\"0\" \/><input type=\"hidden\" name=\"_wpcf7_posted_data_hash\" value=\"\" \/>\n<\/fieldset>\n<p><label> Votre nom<br \/>\n<span class=\"wpcf7-form-control-wrap\" data-name=\"your-name\"><input size=\"40\" maxlength=\"400\" class=\"wpcf7-form-control wpcf7-text wpcf7-validates-as-required\" autocomplete=\"name\" aria-required=\"true\" aria-invalid=\"false\" value=\"\" type=\"text\" name=\"your-name\" \/><\/span> <\/label>\n<\/p>\n<p><label> Votre courriel<br \/>\n<span class=\"wpcf7-form-control-wrap\" data-name=\"your-email\"><input size=\"40\" maxlength=\"400\" class=\"wpcf7-form-control wpcf7-email wpcf7-validates-as-required wpcf7-text wpcf7-validates-as-email\" autocomplete=\"email\" aria-required=\"true\" aria-invalid=\"false\" value=\"\" type=\"email\" name=\"your-email\" \/><\/span> <\/label>\n<\/p>\n<p><label> Sujet<br \/>\n<span class=\"wpcf7-form-control-wrap\" data-name=\"your-subject\"><input size=\"40\" maxlength=\"400\" class=\"wpcf7-form-control wpcf7-text wpcf7-validates-as-required\" aria-required=\"true\" aria-invalid=\"false\" value=\"\" type=\"text\" name=\"your-subject\" \/><\/span> <\/label>\n<\/p>\n<p><label> Votre message (facultatif)<br \/>\n<span class=\"wpcf7-form-control-wrap\" data-name=\"your-message\"><textarea cols=\"40\" rows=\"10\" maxlength=\"2000\" class=\"wpcf7-form-control wpcf7-textarea\" aria-invalid=\"false\" name=\"your-message\"><\/textarea><\/span> <\/label>\n<\/p>\n<p><span class=\"wpcf7-form-control-wrap kc_captcha\" data-name=\"kc_captcha\"><span class=\"wpcf7-form-control wpcf7-radio\"><span class=\"captcha-image\" ><span class=\"cf7ic_instructions\">Veuillez prouver que vous \u00eates humain en s\u00e9lectionnant<span> la tasse<\/span>.<\/span><label><input aria-label=\"1\" type=\"radio\" name=\"kc_captcha\" value=\"bot\" \/><svg aria-hidden=\"true\" role=\"img\" xmlns=\"http:\/\/www.w3.org\/2000\/svg\" viewBox=\"0 0 512 512\"><path fill=\"currentColor\" d=\"M500 168h-55l-8-21a127 127 0 00-120-83H195a127 127 0 00-120 83l-8 21H12c-8 0-14 8-11 16l8 24a12 12 0 0011 8h29a64 64 0 00-33 56v48c0 16 6 31 16 42v62c0 13 11 24 24 24h48c13 0 24-11 24-24v-40h256v40c0 13 11 24 24 24h48c13 0 24-11 24-24v-62c10-11 16-26 16-42v-48c0-24-13-45-33-56h29a12 12 0 0011-8l8-24c3-8-3-16-11-16zm-365 2c9-25 33-42 60-42h122c27 0 51 17 60 42l15 38H120l15-38zM88 328a32 32 0 010-64c18 0 48 30 48 48s-30 16-48 16zm336 0c-18 0-48 2-48-16s30-48 48-48 32 14 32 32-14 32-32 32z\"\/><\/svg><\/label><label><input aria-label=\"2\" type=\"radio\" name=\"kc_captcha\" value=\"kc_human\" \/><svg aria-hidden=\"true\" role=\"img\" xmlns=\"http:\/\/www.w3.org\/2000\/svg\" viewBox=\"0 0 640 512\"><path fill=\"currentColor\" d=\"M192 384h192c53 0 96-43 96-96h32a128 128 0 000-256H120c-13 0-24 11-24 24v232c0 53 43 96 96 96zM512 96a64 64 0 010 128h-32V96h32zm48 384H48c-47 0-61-64-36-64h584c25 0 11 64-36 64z\"\/><\/svg><\/label><label><input aria-label=\"3\" type=\"radio\" name=\"kc_captcha\" value=\"bot\" \/><svg aria-hidden=\"true\" role=\"img\" xmlns=\"http:\/\/www.w3.org\/2000\/svg\" viewBox=\"0 0 512 512\"><path fill=\"currentColor\" d=\"M350 99c-54 0-98-35-166-35-25 0-47 4-68 12a56 56 0 004-24C118 24 95 1 66 0a56 56 0 00-34 102v386c0 13 11 24 24 24h16c13 0 24-11 24-24v-94c28-12 64-23 114-23 54 0 98 35 166 35 48 0 86-16 122-41 9-6 14-15 14-26V96c0-23-24-39-45-29-35 16-77 32-117 32z\"\/><\/svg><\/label>\r\n    <\/span>\r\n    <span style=\"display:none\">\r\n        <input type=\"text\" name=\"kc_honeypot\">\r\n    <\/span><\/span><\/span><br \/>\n<input class=\"wpcf7-form-control wpcf7-submit has-spinner\" type=\"submit\" value=\"Envoyer\" \/>\n<\/p><div class=\"wpcf7-response-output\" aria-hidden=\"true\"><\/div>\n<\/form>\n<\/div>\n<\/div><\/div><\/div><\/div><div class=\"x-row x-container max width e386-e49 maq-8 maq-9 maq-a maq-b maq-d maq-k maq-l maq-w\"><div class=\"x-row-inner\"><div class=\"x-col e386-e50 maq-x maq-y maq-z maq-10\"><div class=\"x-text x-content e386-e51 maq-1h maq-1s maq-1t maq-26 maq-2p maq-2q\"><a href=\"mailto:info@aquassist.com\">info@aquassist.com<\/a><\/div><\/div><div class=\"x-col e386-e52 maq-x maq-y maq-z maq-10\"><div class=\"x-text x-content e386-e53 maq-1h maq-1s maq-1t maq-26 maq-2p\">\u00ae Aquassist 2025. Tous droits r\u00e9serv\u00e9s.<\/div><\/div><div class=\"x-col e386-e54 maq-x maq-y maq-z maq-10\"><span class=\"x-image e386-e55 maq-2s\"><img decoding=\"async\" src=\"https:\/\/aquassist.com\/wp-content\/uploads\/2025\/02\/Logo_Aquassist_600px.png\" width=\"300\" height=\"133\" alt=\"Image\" loading=\"lazy\"><\/span><\/div><\/div><\/div><\/div><\/div>\n","protected":false},"excerpt":{"rendered":"<p>Notre missionOptimisez le traitement de l&rsquo;eau gr&acirc;ce &agrave; des technologies intelligentesNotre parcoursAquassist a \u00e9t\u00e9 fond\u00e9 pour r\u00e9volutionner la gestion de l\u2019eau gr\u00e2ce \u00e0 la technologie et \u00e0 l\u2019expertise. \u00c0 l\u2019origine con\u00e7u comme un outil de synchronisation de l\u2019information entre les clients et les experts, il est devenu une solution compl\u00e8te de traitement de l\u2019eau. Notre plateforme va au-del\u00e0 de la &#8230; <\/p>\n<div><a href=\"https:\/\/aquassist.com\/fr\/a_propos\/\" class=\"more-link\">Read More<\/a><\/div>\n","protected":false},"author":1,"featured_media":0,"parent":0,"menu_order":0,"comment_status":"closed","ping_status":"closed","template":"template-blank-4.php","meta":{"footnotes":""},"class_list":["post-386","page","type-page","status-publish","hentry","no-post-thumbnail"],"yoast_head":"<!-- This site is optimized with the Yoast SEO Premium plugin v27.3 (Yoast SEO v27.3) - https:\/\/yoast.com\/product\/yoast-seo-premium-wordpress\/ -->\n<title>\u00c0 propos - Votre expert en analyse de l\u2019eau<\/title>\n<meta name=\"description\" content=\"D\u00e9couvrez Aquassist : nos valeurs, notre expertise en analyse de l\u2019eau et nos solutions innovantes pour une gestion intelligente et durable.\" \/>\n<meta name=\"robots\" content=\"index, follow, max-snippet:-1, max-image-preview:large, max-video-preview:-1\" \/>\n<link rel=\"canonical\" href=\"https:\/\/aquassist.com\/fr\/a_propos\/\" \/>\n<meta property=\"og:locale\" content=\"fr_FR\" \/>\n<meta property=\"og:type\" content=\"article\" \/>\n<meta property=\"og:title\" content=\"\u00c0 propos\" \/>\n<meta property=\"og:description\" content=\"D\u00e9couvrez Aquassist : nos valeurs, notre expertise en analyse de l\u2019eau et nos solutions innovantes pour une gestion intelligente et durable.\" \/>\n<meta property=\"og:url\" content=\"https:\/\/aquassist.com\/fr\/a_propos\/\" \/>\n<meta property=\"og:site_name\" content=\"Aquassist | Assistant de traitement d&#039;eau | Automated Water System Management\" \/>\n<meta property=\"article:modified_time\" content=\"2026-03-27T14:16:47+00:00\" \/>\n<meta name=\"twitter:card\" content=\"summary_large_image\" \/>\n<meta name=\"twitter:label1\" content=\"Dur\u00e9e de lecture estim\u00e9e\" \/>\n\t<meta name=\"twitter:data1\" content=\"4 minutes\" \/>\n<script type=\"application\/ld+json\" class=\"yoast-schema-graph\">{\"@context\":\"https:\\\/\\\/schema.org\",\"@graph\":[{\"@type\":\"WebPage\",\"@id\":\"https:\\\/\\\/aquassist.com\\\/fr\\\/a_propos\\\/\",\"url\":\"https:\\\/\\\/aquassist.com\\\/fr\\\/a_propos\\\/\",\"name\":\"\u00c0 propos - Votre expert en analyse de l\u2019eau\",\"isPartOf\":{\"@id\":\"https:\\\/\\\/aquassist.com\\\/#website\"},\"datePublished\":\"2025-02-25T21:12:39+00:00\",\"dateModified\":\"2026-03-27T14:16:47+00:00\",\"description\":\"D\u00e9couvrez Aquassist : nos valeurs, notre expertise en analyse de l\u2019eau et nos solutions innovantes pour une gestion intelligente et durable.\",\"breadcrumb\":{\"@id\":\"https:\\\/\\\/aquassist.com\\\/fr\\\/a_propos\\\/#breadcrumb\"},\"inLanguage\":\"fr-FR\",\"potentialAction\":[{\"@type\":\"ReadAction\",\"target\":[\"https:\\\/\\\/aquassist.com\\\/fr\\\/a_propos\\\/\"]}]},{\"@type\":\"BreadcrumbList\",\"@id\":\"https:\\\/\\\/aquassist.com\\\/fr\\\/a_propos\\\/#breadcrumb\",\"itemListElement\":[{\"@type\":\"ListItem\",\"position\":1,\"name\":\"Home\",\"item\":\"https:\\\/\\\/aquassist.com\\\/fr\\\/accueil\\\/\"},{\"@type\":\"ListItem\",\"position\":2,\"name\":\"\u00c0 propos\"}]},{\"@type\":\"WebSite\",\"@id\":\"https:\\\/\\\/aquassist.com\\\/#website\",\"url\":\"https:\\\/\\\/aquassist.com\\\/\",\"name\":\"Aquassist | Assistant de traitement d'eau\",\"description\":\"Aquassist simplifie les tests d&#039;eau gr\u00e2ce \u00e0 des solutions intelligentes et connect\u00e9es qui garantissent pr\u00e9cision et efficacit\u00e9. Transformez des donn\u00e9es complexes en r\u00e9sultats clairs et exploitables en toute simplicit\u00e9.  |\",\"publisher\":{\"@id\":\"https:\\\/\\\/aquassist.com\\\/#organization\"},\"potentialAction\":[{\"@type\":\"SearchAction\",\"target\":{\"@type\":\"EntryPoint\",\"urlTemplate\":\"https:\\\/\\\/aquassist.com\\\/?s={search_term_string}\"},\"query-input\":{\"@type\":\"PropertyValueSpecification\",\"valueRequired\":true,\"valueName\":\"search_term_string\"}}],\"inLanguage\":\"fr-FR\"},{\"@type\":\"Organization\",\"@id\":\"https:\\\/\\\/aquassist.com\\\/#organization\",\"name\":\"Aquassist | Assistant de traitement d'eau\",\"url\":\"https:\\\/\\\/aquassist.com\\\/\",\"logo\":{\"@type\":\"ImageObject\",\"inLanguage\":\"fr-FR\",\"@id\":\"https:\\\/\\\/aquassist.com\\\/#\\\/schema\\\/logo\\\/image\\\/\",\"url\":\"https:\\\/\\\/aquassist.com\\\/wp-content\\\/uploads\\\/2025\\\/03\\\/Aquassist_couleur_byMagnus_CMYK-01.png\",\"contentUrl\":\"https:\\\/\\\/aquassist.com\\\/wp-content\\\/uploads\\\/2025\\\/03\\\/Aquassist_couleur_byMagnus_CMYK-01.png\",\"width\":1800,\"height\":900,\"caption\":\"Aquassist | Assistant de traitement d'eau\"},\"image\":{\"@id\":\"https:\\\/\\\/aquassist.com\\\/#\\\/schema\\\/logo\\\/image\\\/\"},\"sameAs\":[\"https:\\\/\\\/www.linkedin.com\\\/company\\\/100930245\\\/\"]}]}<\/script>\n<!-- \/ Yoast SEO Premium plugin. -->","yoast_head_json":{"title":"\u00c0 propos - Votre expert en analyse de l\u2019eau","description":"D\u00e9couvrez Aquassist : nos valeurs, notre expertise en analyse de l\u2019eau et nos solutions innovantes pour une gestion intelligente et durable.","robots":{"index":"index","follow":"follow","max-snippet":"max-snippet:-1","max-image-preview":"max-image-preview:large","max-video-preview":"max-video-preview:-1"},"canonical":"https:\/\/aquassist.com\/fr\/a_propos\/","og_locale":"fr_FR","og_type":"article","og_title":"\u00c0 propos","og_description":"D\u00e9couvrez Aquassist : nos valeurs, notre expertise en analyse de l\u2019eau et nos solutions innovantes pour une gestion intelligente et durable.","og_url":"https:\/\/aquassist.com\/fr\/a_propos\/","og_site_name":"Aquassist | Assistant de traitement d&#039;eau | Automated Water System Management","article_modified_time":"2026-03-27T14:16:47+00:00","twitter_card":"summary_large_image","twitter_misc":{"Dur\u00e9e de lecture estim\u00e9e":"4 minutes"},"schema":{"@context":"https:\/\/schema.org","@graph":[{"@type":"WebPage","@id":"https:\/\/aquassist.com\/fr\/a_propos\/","url":"https:\/\/aquassist.com\/fr\/a_propos\/","name":"\u00c0 propos - Votre expert en analyse de l\u2019eau","isPartOf":{"@id":"https:\/\/aquassist.com\/#website"},"datePublished":"2025-02-25T21:12:39+00:00","dateModified":"2026-03-27T14:16:47+00:00","description":"D\u00e9couvrez Aquassist : nos valeurs, notre expertise en analyse de l\u2019eau et nos solutions innovantes pour une gestion intelligente et durable.","breadcrumb":{"@id":"https:\/\/aquassist.com\/fr\/a_propos\/#breadcrumb"},"inLanguage":"fr-FR","potentialAction":[{"@type":"ReadAction","target":["https:\/\/aquassist.com\/fr\/a_propos\/"]}]},{"@type":"BreadcrumbList","@id":"https:\/\/aquassist.com\/fr\/a_propos\/#breadcrumb","itemListElement":[{"@type":"ListItem","position":1,"name":"Home","item":"https:\/\/aquassist.com\/fr\/accueil\/"},{"@type":"ListItem","position":2,"name":"\u00c0 propos"}]},{"@type":"WebSite","@id":"https:\/\/aquassist.com\/#website","url":"https:\/\/aquassist.com\/","name":"Aquassist | Assistant de traitement d'eau","description":"Aquassist simplifie les tests d&#039;eau gr\u00e2ce \u00e0 des solutions intelligentes et connect\u00e9es qui garantissent pr\u00e9cision et efficacit\u00e9. Transformez des donn\u00e9es complexes en r\u00e9sultats clairs et exploitables en toute simplicit\u00e9.  |","publisher":{"@id":"https:\/\/aquassist.com\/#organization"},"potentialAction":[{"@type":"SearchAction","target":{"@type":"EntryPoint","urlTemplate":"https:\/\/aquassist.com\/?s={search_term_string}"},"query-input":{"@type":"PropertyValueSpecification","valueRequired":true,"valueName":"search_term_string"}}],"inLanguage":"fr-FR"},{"@type":"Organization","@id":"https:\/\/aquassist.com\/#organization","name":"Aquassist | Assistant de traitement d'eau","url":"https:\/\/aquassist.com\/","logo":{"@type":"ImageObject","inLanguage":"fr-FR","@id":"https:\/\/aquassist.com\/#\/schema\/logo\/image\/","url":"https:\/\/aquassist.com\/wp-content\/uploads\/2025\/03\/Aquassist_couleur_byMagnus_CMYK-01.png","contentUrl":"https:\/\/aquassist.com\/wp-content\/uploads\/2025\/03\/Aquassist_couleur_byMagnus_CMYK-01.png","width":1800,"height":900,"caption":"Aquassist | Assistant de traitement d'eau"},"image":{"@id":"https:\/\/aquassist.com\/#\/schema\/logo\/image\/"},"sameAs":["https:\/\/www.linkedin.com\/company\/100930245\/"]}]}},"_links":{"self":[{"href":"https:\/\/aquassist.com\/fr\/wp-json\/wp\/v2\/pages\/386","targetHints":{"allow":["GET"]}}],"collection":[{"href":"https:\/\/aquassist.com\/fr\/wp-json\/wp\/v2\/pages"}],"about":[{"href":"https:\/\/aquassist.com\/fr\/wp-json\/wp\/v2\/types\/page"}],"author":[{"embeddable":true,"href":"https:\/\/aquassist.com\/fr\/wp-json\/wp\/v2\/users\/1"}],"replies":[{"embeddable":true,"href":"https:\/\/aquassist.com\/fr\/wp-json\/wp\/v2\/comments?post=386"}],"version-history":[{"count":17,"href":"https:\/\/aquassist.com\/fr\/wp-json\/wp\/v2\/pages\/386\/revisions"}],"predecessor-version":[{"id":855,"href":"https:\/\/aquassist.com\/fr\/wp-json\/wp\/v2\/pages\/386\/revisions\/855"}],"wp:attachment":[{"href":"https:\/\/aquassist.com\/fr\/wp-json\/wp\/v2\/media?parent=386"}],"curies":[{"name":"wp","href":"https:\/\/api.w.org\/{rel}","templated":true}]}}